{"id":30393,"date":"2023-03-29T12:23:35","date_gmt":"2023-03-29T11:23:35","guid":{"rendered":"https:\/\/sng.unitedliving.co.uk\/anasayfa\/"},"modified":"2025-07-23T12:22:41","modified_gmt":"2025-07-23T11:22:41","slug":"anasayfa","status":"publish","type":"page","link":"https:\/\/sng.unitedliving.co.uk\/tr\/","title":{"rendered":"Anasayfa"},"content":{"rendered":"","protected":false},"excerpt":{"rendered":"","protected":false},"author":1,"featured_media":0,"parent":0,"menu_order":0,"comment_status":"closed","ping_status":"closed","template":"","meta":{"_acf_changed":false,"inline_featured_image":false,"footnotes":""},"folder":[],"class_list":["post-30393","page","type-page","status-publish","hentry"],"acf":[],"yoast_head":"<!-- This site is optimized with the Yoast SEO plugin v27.5 - https:\/\/yoast.com\/product\/yoast-seo-wordpress\/ -->\n<title>SNG Resident Hub - United Living<\/title>\n<meta name=\"description\" content=\"Bilgi merkezimizi ke\u015ffedin ve evinizde ger\u00e7ekle\u015ftirilecek g\u00fc\u00e7lendirme \u00e7al\u0131\u015fmalar\u0131 ve enerji verimlili\u011fi y\u00fckseltmeleri hakk\u0131nda daha fazla bilgi edinin.\" \/>\n<meta name=\"robots\" content=\"index, follow, max-snippet:-1, max-image-preview:large, max-video-preview:-1\" \/>\n<link rel=\"canonical\" href=\"https:\/\/sng.unitedliving.co.uk\/tr\/\" \/>\n<meta property=\"og:locale\" content=\"tr_TR\" \/>\n<meta property=\"og:type\" content=\"article\" \/>\n<meta property=\"og:title\" content=\"SNG Resident Hub - United Living\" \/>\n<meta property=\"og:description\" content=\"Bilgi merkezimizi ke\u015ffedin ve evinizde ger\u00e7ekle\u015ftirilecek g\u00fc\u00e7lendirme \u00e7al\u0131\u015fmalar\u0131 ve enerji verimlili\u011fi y\u00fckseltmeleri hakk\u0131nda daha fazla bilgi edinin.\" \/>\n<meta property=\"og:url\" content=\"https:\/\/sng.unitedliving.co.uk\/tr\/\" \/>\n<meta property=\"og:site_name\" content=\"SNG\" \/>\n<meta property=\"article:modified_time\" content=\"2025-07-23T11:22:41+00:00\" \/>\n<meta name=\"twitter:card\" content=\"summary_large_image\" \/>\n<script type=\"application\/ld+json\" class=\"yoast-schema-graph\">{\"@context\":\"https:\\\/\\\/schema.org\",\"@graph\":[{\"@type\":\"WebPage\",\"@id\":\"https:\\\/\\\/sng.unitedliving.co.uk\\\/tr\\\/\",\"url\":\"https:\\\/\\\/sng.unitedliving.co.uk\\\/tr\\\/\",\"name\":\"SNG Resident Hub - United Living\",\"isPartOf\":{\"@id\":\"https:\\\/\\\/sng.unitedliving.co.uk\\\/tr\\\/#website\"},\"datePublished\":\"2023-03-29T11:23:35+00:00\",\"dateModified\":\"2025-07-23T11:22:41+00:00\",\"description\":\"Bilgi merkezimizi ke\u015ffedin ve evinizde ger\u00e7ekle\u015ftirilecek g\u00fc\u00e7lendirme \u00e7al\u0131\u015fmalar\u0131 ve enerji verimlili\u011fi y\u00fckseltmeleri hakk\u0131nda daha fazla bilgi edinin.\",\"breadcrumb\":{\"@id\":\"https:\\\/\\\/sng.unitedliving.co.uk\\\/tr\\\/#breadcrumb\"},\"inLanguage\":\"tr\",\"potentialAction\":[{\"@type\":\"ReadAction\",\"target\":[\"https:\\\/\\\/sng.unitedliving.co.uk\\\/tr\\\/\"]}]},{\"@type\":\"BreadcrumbList\",\"@id\":\"https:\\\/\\\/sng.unitedliving.co.uk\\\/tr\\\/#breadcrumb\",\"itemListElement\":[{\"@type\":\"ListItem\",\"position\":1,\"name\":\"Home\",\"item\":\"https:\\\/\\\/sng.unitedliving.co.uk\\\/tr\\\/anasayfa\\\/\"},{\"@type\":\"ListItem\",\"position\":2,\"name\":\"Anasayfa\"}]},{\"@type\":\"WebSite\",\"@id\":\"https:\\\/\\\/sng.unitedliving.co.uk\\\/tr\\\/#website\",\"url\":\"https:\\\/\\\/sng.unitedliving.co.uk\\\/tr\\\/\",\"name\":\"SNG\",\"description\":\"Creating a connected, sustainable future\",\"publisher\":{\"@id\":\"https:\\\/\\\/sng.unitedliving.co.uk\\\/tr\\\/#organization\"},\"potentialAction\":[{\"@type\":\"SearchAction\",\"target\":{\"@type\":\"EntryPoint\",\"urlTemplate\":\"https:\\\/\\\/sng.unitedliving.co.uk\\\/tr\\\/?s={search_term_string}\"},\"query-input\":{\"@type\":\"PropertyValueSpecification\",\"valueRequired\":true,\"valueName\":\"search_term_string\"}}],\"inLanguage\":\"tr\"},{\"@type\":\"Organization\",\"@id\":\"https:\\\/\\\/sng.unitedliving.co.uk\\\/tr\\\/#organization\",\"name\":\"SNG\",\"url\":\"https:\\\/\\\/sng.unitedliving.co.uk\\\/tr\\\/\",\"logo\":{\"@type\":\"ImageObject\",\"inLanguage\":\"tr\",\"@id\":\"https:\\\/\\\/sng.unitedliving.co.uk\\\/tr\\\/#\\\/schema\\\/logo\\\/image\\\/\",\"url\":\"https:\\\/\\\/sng.unitedliving.co.uk\\\/wp-content\\\/uploads\\\/sites\\\/4\\\/2025\\\/06\\\/cropped-ul-sng-1-2.png\",\"contentUrl\":\"https:\\\/\\\/sng.unitedliving.co.uk\\\/wp-content\\\/uploads\\\/sites\\\/4\\\/2025\\\/06\\\/cropped-ul-sng-1-2.png\",\"width\":1393,\"height\":236,\"caption\":\"SNG\"},\"image\":{\"@id\":\"https:\\\/\\\/sng.unitedliving.co.uk\\\/tr\\\/#\\\/schema\\\/logo\\\/image\\\/\"}}]}<\/script>\n<!-- \/ Yoast SEO plugin. -->","yoast_head_json":{"title":"SNG Resident Hub - United Living","description":"Bilgi merkezimizi ke\u015ffedin ve evinizde ger\u00e7ekle\u015ftirilecek g\u00fc\u00e7lendirme \u00e7al\u0131\u015fmalar\u0131 ve enerji verimlili\u011fi y\u00fckseltmeleri hakk\u0131nda daha fazla bilgi edinin.","robots":{"index":"index","follow":"follow","max-snippet":"max-snippet:-1","max-image-preview":"max-image-preview:large","max-video-preview":"max-video-preview:-1"},"canonical":"https:\/\/sng.unitedliving.co.uk\/tr\/","og_locale":"tr_TR","og_type":"article","og_title":"SNG Resident Hub - United Living","og_description":"Bilgi merkezimizi ke\u015ffedin ve evinizde ger\u00e7ekle\u015ftirilecek g\u00fc\u00e7lendirme \u00e7al\u0131\u015fmalar\u0131 ve enerji verimlili\u011fi y\u00fckseltmeleri hakk\u0131nda daha fazla bilgi edinin.","og_url":"https:\/\/sng.unitedliving.co.uk\/tr\/","og_site_name":"SNG","article_modified_time":"2025-07-23T11:22:41+00:00","twitter_card":"summary_large_image","schema":{"@context":"https:\/\/schema.org","@graph":[{"@type":"WebPage","@id":"https:\/\/sng.unitedliving.co.uk\/tr\/","url":"https:\/\/sng.unitedliving.co.uk\/tr\/","name":"SNG Resident Hub - United Living","isPartOf":{"@id":"https:\/\/sng.unitedliving.co.uk\/tr\/#website"},"datePublished":"2023-03-29T11:23:35+00:00","dateModified":"2025-07-23T11:22:41+00:00","description":"Bilgi merkezimizi ke\u015ffedin ve evinizde ger\u00e7ekle\u015ftirilecek g\u00fc\u00e7lendirme \u00e7al\u0131\u015fmalar\u0131 ve enerji verimlili\u011fi y\u00fckseltmeleri hakk\u0131nda daha fazla bilgi edinin.","breadcrumb":{"@id":"https:\/\/sng.unitedliving.co.uk\/tr\/#breadcrumb"},"inLanguage":"tr","potentialAction":[{"@type":"ReadAction","target":["https:\/\/sng.unitedliving.co.uk\/tr\/"]}]},{"@type":"BreadcrumbList","@id":"https:\/\/sng.unitedliving.co.uk\/tr\/#breadcrumb","itemListElement":[{"@type":"ListItem","position":1,"name":"Home","item":"https:\/\/sng.unitedliving.co.uk\/tr\/anasayfa\/"},{"@type":"ListItem","position":2,"name":"Anasayfa"}]},{"@type":"WebSite","@id":"https:\/\/sng.unitedliving.co.uk\/tr\/#website","url":"https:\/\/sng.unitedliving.co.uk\/tr\/","name":"SNG","description":"Creating a connected, sustainable future","publisher":{"@id":"https:\/\/sng.unitedliving.co.uk\/tr\/#organization"},"potentialAction":[{"@type":"SearchAction","target":{"@type":"EntryPoint","urlTemplate":"https:\/\/sng.unitedliving.co.uk\/tr\/?s={search_term_string}"},"query-input":{"@type":"PropertyValueSpecification","valueRequired":true,"valueName":"search_term_string"}}],"inLanguage":"tr"},{"@type":"Organization","@id":"https:\/\/sng.unitedliving.co.uk\/tr\/#organization","name":"SNG","url":"https:\/\/sng.unitedliving.co.uk\/tr\/","logo":{"@type":"ImageObject","inLanguage":"tr","@id":"https:\/\/sng.unitedliving.co.uk\/tr\/#\/schema\/logo\/image\/","url":"https:\/\/sng.unitedliving.co.uk\/wp-content\/uploads\/sites\/4\/2025\/06\/cropped-ul-sng-1-2.png","contentUrl":"https:\/\/sng.unitedliving.co.uk\/wp-content\/uploads\/sites\/4\/2025\/06\/cropped-ul-sng-1-2.png","width":1393,"height":236,"caption":"SNG"},"image":{"@id":"https:\/\/sng.unitedliving.co.uk\/tr\/#\/schema\/logo\/image\/"}}]}},"_links":{"self":[{"href":"https:\/\/sng.unitedliving.co.uk\/tr\/wp-json\/wp\/v2\/pages\/30393","targetHints":{"allow":["GET"]}}],"collection":[{"href":"https:\/\/sng.unitedliving.co.uk\/tr\/wp-json\/wp\/v2\/pages"}],"about":[{"href":"https:\/\/sng.unitedliving.co.uk\/tr\/wp-json\/wp\/v2\/types\/page"}],"author":[{"embeddable":true,"href":"https:\/\/sng.unitedliving.co.uk\/tr\/wp-json\/wp\/v2\/users\/1"}],"replies":[{"embeddable":true,"href":"https:\/\/sng.unitedliving.co.uk\/tr\/wp-json\/wp\/v2\/comments?post=30393"}],"version-history":[{"count":1,"href":"https:\/\/sng.unitedliving.co.uk\/tr\/wp-json\/wp\/v2\/pages\/30393\/revisions"}],"predecessor-version":[{"id":30625,"href":"https:\/\/sng.unitedliving.co.uk\/tr\/wp-json\/wp\/v2\/pages\/30393\/revisions\/30625"}],"wp:attachment":[{"href":"https:\/\/sng.unitedliving.co.uk\/tr\/wp-json\/wp\/v2\/media?parent=30393"}],"wp:term":[{"taxonomy":"folder","embeddable":true,"href":"https:\/\/sng.unitedliving.co.uk\/tr\/wp-json\/wp\/v2\/folder?post=30393"}],"curies":[{"name":"wp","href":"https:\/\/api.w.org\/{rel}","templated":true}]}}